{"id":11,"date":"2012-03-09T16:16:55","date_gmt":"2012-03-09T16:16:55","guid":{"rendered":"http:\/\/choraledescordeliers.fr\/?page_id=11"},"modified":"2012-04-12T14:50:04","modified_gmt":"2012-04-12T14:50:04","slug":"gap-et-sa-region","status":"publish","type":"page","link":"https:\/\/www.choraledescordeliers.fr\/?page_id=11","title":{"rendered":"Gap et sa r\u00e9gion"},"content":{"rendered":"<p><a href=\"http:\/\/www.choraledescordeliers.fr\/wp-content\/uploads\/2012\/03\/gap.jpg\"><img decoding=\"async\" loading=\"lazy\" class=\"alignleft size-medium wp-image-145\" title=\"gap\" src=\"http:\/\/www.choraledescordeliers.fr\/wp-content\/uploads\/2012\/03\/gap-300x199.jpg\" alt=\"\" width=\"300\" height=\"199\" srcset=\"https:\/\/www.choraledescordeliers.fr\/wp-content\/uploads\/2012\/03\/gap-300x199.jpg 300w, https:\/\/www.choraledescordeliers.fr\/wp-content\/uploads\/2012\/03\/gap-451x300.jpg 451w, https:\/\/www.choraledescordeliers.fr\/wp-content\/uploads\/2012\/03\/gap.jpg 800w\" sizes=\"(max-width: 300px) 100vw, 300px\" \/><\/a>Capitale d\u2019un terroir Haut Alpin marqu\u00e9 par la beaut\u00e9 de ses sites naturels, et un climat privil\u00e9gi\u00e9, <a href=\"http:\/\/www.ville-gap.fr\/\" target=\"_blank\">GAP<\/a> qui a su conserver une dimension \u00e0 taille humaine peut s\u2019enorgueillir d\u2019offrir une authentique douceur de vivre tant \u00e0 ses r\u00e9sidents qu\u2019aux nombreux visiteurs qui y s\u00e9journent.<\/p>\n<p>Elle a su construire son d\u00e9veloppement \u00e0 l\u2019abri des pollutions industrielles et des embarras propres aux grandes m\u00e9tropoles.<\/p>\n<p>Toute l\u2019ann\u00e9e, elle offre les joies des pratiques sportives de pleine nature, sans n\u00e9gliger une vie culturelle vivante et attractive.<\/p>\n<p>Visiter Gap et sa r\u00e9gion, c\u2019est s\u2019exposer au coup de c\u0153ur, au point de bien souvent y revenir.<\/p>\n<h2>Liens utiles :<\/h2>\n<p>Sites officiels :<\/p>\n<ul>\n<li><a href=\"http:\/\/www.cg05.fr\/\" target=\"_blank\">Conseil g\u00e9n\u00e9ral<\/a> des Hautes-Alpes<\/li>\n<li><a href=\"javascript:DeCryptX('1p3p1d2B0v1j1m1m2g1.0g1b0p0.1g0r')\" target=\"_blank\">OMC<\/a> Office Municipal de la Culture Gap<\/li>\n<li><a href=\"http:\/\/www.gap-tourisme.fr\" target=\"_blank\">Office du tourisme<\/a> de Gap<\/li>\n<li><a href=\"http:\/\/www.hautes-alpes.pref.gouv.fr\" target=\"_blank\">Pr\u00e9fecture<\/a> des Hautes-Alpes<\/li>\n<li><a href=\"http:\/\/www.regionpaca.fr\" target=\"_blank\">R\u00e9gion<\/a> PACA<\/li>\n<li><a href=\"http:\/\/www.ville-gap.fr\/\" target=\"_blank\">Ville<\/a> de Gap<\/li>\n<\/ul>\n<p>Salles de spectacles :<\/p>\n<ul>\n<li>Le <a href=\"http:\/\/maps.google.fr\/maps?q=56+avenue+emile+didier,+gap&amp;hl=fr&amp;ie=UTF8&amp;sll=46.75984,1.738281&amp;sspn=11.125464,25.268555&amp;t=v&amp;hnear=56+Avenue+Emile+Didier,+05000+Gap,+Hautes-Alpes,+Provence-Alpes-C%C3%B4te+d'Azur&amp;z=16\" target=\"_blank\">QUATTRO<\/a><\/li>\n<li>Th\u00e9\u00e2tre <a href=\"http:\/\/www.theatre-la-passerelle.com  \" target=\"_blank\">La Passerelle<\/a><\/li>\n<\/ul>\n<p>Transports :<\/p>\n<ul>\n<li>Transports <a href=\"javascript:DeCryptX('1m3l1o0e2c0@3y3l3o0l2g303j1b3s1\/2h0r')\" target=\"_blank\">urbains<\/a><\/li>\n<li>Transports du <a href=\"http:\/\/www.05voyageurs.com\" target=\"_blank\">d\u00e9partement<\/a><\/li>\n<\/ul>\n","protected":false},"excerpt":{"rendered":"<p>Capitale d\u2019un terroir Haut Alpin marqu\u00e9 par la beaut\u00e9 de ses sites naturels, et un climat privil\u00e9gi\u00e9, GAP qui a su conserver une dimension \u00e0 taille humaine peut s\u2019enorgueillir d\u2019offrir une authentique douceur de vivre tant \u00e0 ses r\u00e9sidents qu\u2019aux &hellip; <a href=\"https:\/\/www.choraledescordeliers.fr\/?page_id=11\">Lire la suite <span class=\"meta-nav\">&rarr;<\/span><\/a><\/p>\n","protected":false},"author":1,"featured_media":0,"parent":61,"menu_order":0,"comment_status":"closed","ping_status":"open","template":"showcase.php","meta":[],"_links":{"self":[{"href":"https:\/\/www.choraledescordeliers.fr\/index.php?rest_route=\/wp\/v2\/pages\/11"}],"collection":[{"href":"https:\/\/www.choraledescordeliers.fr\/index.php?rest_route=\/wp\/v2\/pages"}],"about":[{"href":"https:\/\/www.choraledescordeliers.fr\/index.php?rest_route=\/wp\/v2\/types\/page"}],"author":[{"embeddable":true,"href":"https:\/\/www.choraledescordeliers.fr\/index.php?rest_route=\/wp\/v2\/users\/1"}],"replies":[{"embeddable":true,"href":"https:\/\/www.choraledescordeliers.fr\/index.php?rest_route=%2Fwp%2Fv2%2Fcomments&post=11"}],"version-history":[{"count":15,"href":"https:\/\/www.choraledescordeliers.fr\/index.php?rest_route=\/wp\/v2\/pages\/11\/revisions"}],"predecessor-version":[{"id":210,"href":"https:\/\/www.choraledescordeliers.fr\/index.php?rest_route=\/wp\/v2\/pages\/11\/revisions\/210"}],"up":[{"embeddable":true,"href":"https:\/\/www.choraledescordeliers.fr\/index.php?rest_route=\/wp\/v2\/pages\/61"}],"wp:attachment":[{"href":"https:\/\/www.choraledescordeliers.fr\/index.php?rest_route=%2Fwp%2Fv2%2Fmedia&parent=11"}],"curies":[{"name":"wp","href":"https:\/\/api.w.org\/{rel}","templated":true}]}}