{"id":2,"date":"2012-03-09T16:03:43","date_gmt":"2012-03-09T16:03:43","guid":{"rendered":"http:\/\/choraledescordeliers.fr\/?page_id=2"},"modified":"2014-10-02T17:48:22","modified_gmt":"2014-10-02T15:48:22","slug":"page-d-exemple","status":"publish","type":"page","link":"https:\/\/www.choraledescordeliers.fr\/?page_id=2","title":{"rendered":"La Chorale des Cordeliers"},"content":{"rendered":"<p><a><img decoding=\"async\" loading=\"lazy\" class=\"alignleft size-medium wp-image-207\" src=\"http:\/\/www.choraledescordeliers.fr\/wp-content\/uploads\/2012\/03\/2010-Cath\u00e9drale-dEmbrun-Concert-Mendelssohn-et-Rutter-300x200.jpg\" alt=\"\" width=\"300\" height=\"200\" srcset=\"https:\/\/www.choraledescordeliers.fr\/wp-content\/uploads\/2012\/03\/2010-Cath\u00e9drale-dEmbrun-Concert-Mendelssohn-et-Rutter-300x200.jpg 300w, https:\/\/www.choraledescordeliers.fr\/wp-content\/uploads\/2012\/03\/2010-Cath\u00e9drale-dEmbrun-Concert-Mendelssohn-et-Rutter-450x300.jpg 450w, https:\/\/www.choraledescordeliers.fr\/wp-content\/uploads\/2012\/03\/2010-Cath\u00e9drale-dEmbrun-Concert-Mendelssohn-et-Rutter.jpg 900w\" sizes=\"(max-width: 300px) 100vw, 300px\" \/><\/a><\/p>\n<p><strong>LA CHORALE DES CORDELIERS<\/strong><\/p>\n<p>voir aussi\u00a0: <a href=\"http:\/\/www.choraledescordeliers.fr\">http:\/\/www.choraledescordeliers.fr<\/a><\/p>\n<p>Fond\u00e9e au d\u00e9but du 20<sup>\u00e8me<\/sup> si\u00e8cle par l\u2019organiste de la paroisse St Andr\u00e9 de GAP, la Chorale des Cordeliers est dirig\u00e9e depuis plus de 30 ans par <a title=\"Le Chef\" href=\"http:\/\/www.choraledescordeliers.fr\/?page_id=7\">Michel BERNARD-REYMOND<\/a>.<\/p>\n<p>L\u2019association de la chorale des cordeliers regroupe dans une ambiance de franche convivialit\u00e9 une centaine de choristes amateurs attir\u00e9s par un <a title=\"25 ans de musique\" href=\"http:\/\/www.choraledescordeliers.fr\/?page_id=17\">r\u00e9pertoire \u00e9clectique et diversifi\u00e9<\/a>.<\/p>\n<p>Chaque ann\u00e9e, la chorale aborde de nouvelles \u0153uvres dont le choix fait une large place au grand r\u00e9pertoire de la musique dite classique ou sacr\u00e9e, mais aussi aux musiques du monde ou contemporaines.<\/p>\n<p>Maintenant vivante sa vocation premi\u00e8re de chorale liturgique, un bon nombre de ses choristes participent \u00e0 l\u2019animation des grandes f\u00eates religieuses tant en l\u2019\u00e9glise St. Andr\u00e9 des Cordeliers qu\u2019en la cath\u00e9drale de Gap (No\u00ebl, P\u00e2ques, Toussaint, F\u00eate du Centenaire,\u2026)<\/p>\n<p>Parmi les nombreuses \u0153uvres que la Chorale des Cordeliers a interpr\u00e9t\u00e9es en concert, on peut citer\u00a0notamment :<\/p>\n<p><em>Gloria et Magnificat <\/em>de VIVALDI, \u00a0\u00a0\u00a0\u00a0\u00a0\u00a0\u00a0\u00a0\u00a0\u00a0\u00a0\u00a0\u00a0\u00a0 \u00a0\u00a0\u00a0\u00a0\u00a0\u00a0\u00a0\u00a0\u00a0\u00a0\u00a0 <em>Te Deum <\/em>de CHARPENTIER,<\/p>\n<p><em>Magnificat et Cantates <\/em>de BACH, \u00a0\u00a0\u00a0\u00a0\u00a0\u00a0\u00a0\u00a0\u00a0\u00a0\u00a0\u00a0\u00a0\u00a0\u00a0\u00a0\u00a0\u00a0\u00a0\u00a0\u00a0\u00a0\u00a0\u00a0\u00a0\u00a0 <em>Extraits du Messie <\/em>de HAENDEL,<\/p>\n<p><em>Magnificat <\/em>de PACHELBEL, \u00a0\u00a0\u00a0\u00a0\u00a0\u00a0\u00a0\u00a0\u00a0\u00a0\u00a0\u00a0\u00a0\u00a0\u00a0\u00a0\u00a0\u00a0\u00a0\u00a0\u00a0\u00a0\u00a0\u00a0\u00a0\u00a0\u00a0\u00a0\u00a0\u00a0\u00a0\u00a0\u00a0\u00a0\u00a0\u00a0 <em>Gospels<\/em><\/p>\n<p><em>Messe solennelle <\/em>de VIERNE, \u00a0\u00a0\u00a0\u00a0\u00a0\u00a0\u00a0\u00a0\u00a0\u00a0\u00a0\u00a0\u00a0\u00a0\u00a0\u00a0\u00a0\u00a0\u00a0\u00a0\u00a0\u00a0\u00a0\u00a0\u00a0\u00a0\u00a0\u00a0\u00a0\u00a0\u00a0\u00a0\u00a0 <em>Le Roi David <\/em>d\u2019HONNEGER,<\/p>\n<p><em>Canto General <\/em>de THEODORAKIS, \u00a0\u00a0\u00a0\u00a0\u00a0\u00a0\u00a0\u00a0\u00a0\u00a0\u00a0\u00a0\u00a0\u00a0\u00a0\u00a0\u00a0\u00a0\u00a0\u00a0\u00a0\u00a0\u00a0\u00a0\u00a0 <em>Requiem<\/em> de FAUR\u00c9,<\/p>\n<p><em>Messe en sol <\/em>de SCHUBERT \u2026\u00a0\u00a0\u00a0\u00a0\u00a0\u00a0\u00a0\u00a0\u00a0\u00a0\u00a0\u00a0\u00a0\u00a0\u00a0\u00a0\u00a0\u00a0\u00a0\u00a0\u00a0\u00a0\u00a0\u00a0\u00a0\u00a0\u00a0\u00a0\u00a0\u00a0\u00a0\u00a0\u00a0 <em>Messe du Cap des Biches, <\/em><\/p>\n<p><em>Misa di Gloria<\/em> de PUCCINI\u00a0\u00a0\u00a0\u00a0\u00a0\u00a0\u00a0\u00a0\u00a0\u00a0\u00a0\u00a0\u00a0\u00a0\u00a0\u00a0\u00a0\u00a0\u00a0\u00a0\u00a0\u00a0\u00a0\u00a0\u00a0\u00a0\u00a0\u00a0\u00a0\u00a0\u00a0\u00a0\u00a0\u00a0\u00a0\u00a0\u00a0 <em>Missa Criolla<\/em>\u00a0 de RAMIREZ<\/p>\n<p><em>Danses Polovtsiennes<\/em> de BORODINE<\/p>\n<p><em>Messe Baroque <\/em>pour le 20\u00e8me si\u00e8cle de J. LOUSSIER<\/p>\n<p><em>Liturgie de St Jean Chrysostome<\/em> de TCHAIKOVSKI<\/p>\n<p><em>Messe et V\u00eapres Solennelles, Requiem \u00a0<\/em>de MOZART,<\/p>\n<p><em>\u00a0\u00a0\u00a0\u00a0\u00a0\u00a0 \u00a0\u00a0\u00a0\u00a0\u00a0\u00a0\u00a0\u00a0 <\/em><\/p>\n<p><em>\u00a0\u00a0\u00a0\u00a0\u00a0\u00a0 et r\u00e9cemment :<\/em><\/p>\n<p><em>\u00a0<\/em><\/p>\n<p><em>\u00a0\u00a0\u00a0\u00a0\u00a0\u00a0 DOGORA <\/em>d\u2019Etienne PERRUCHON <em>en 2009<\/em><\/p>\n<p><em>\u00a0\u00a0\u00a0\u00a0\u00a0\u00a0 Gloria<\/em> de RUTTER \u00a0et <em>Psaume 42 <\/em>de MENDELSSOHN <em>en 2010 <\/em><\/p>\n<p><em>Off, Off, OFFENBACH\u00a0 de G\u00e9rard LECOINTE en 2011<\/em><\/p>\n<p><em>Le Messie de Haendel en 2012.<\/em><\/p>\n<p>Gloria de Poulenc en 2013.<\/p>\n<p>La messe en UT de Mozart en 2014.<\/p>\n<p><strong>\u00a0<\/strong><\/p>\n<p>&nbsp;<\/p>\n","protected":false},"excerpt":{"rendered":"<p>LA CHORALE DES CORDELIERS voir aussi\u00a0: http:\/\/www.choraledescordeliers.fr Fond\u00e9e au d\u00e9but du 20\u00e8me si\u00e8cle par l\u2019organiste de la paroisse St Andr\u00e9 de GAP, la Chorale des Cordeliers est dirig\u00e9e depuis plus de 30 ans par Michel BERNARD-REYMOND. L\u2019association de la chorale &hellip; <a href=\"https:\/\/www.choraledescordeliers.fr\/?page_id=2\">Lire la suite <span class=\"meta-nav\">&rarr;<\/span><\/a><\/p>\n","protected":false},"author":1,"featured_media":0,"parent":61,"menu_order":0,"comment_status":"closed","ping_status":"open","template":"showcase.php","meta":[],"_links":{"self":[{"href":"https:\/\/www.choraledescordeliers.fr\/index.php?rest_route=\/wp\/v2\/pages\/2"}],"collection":[{"href":"https:\/\/www.choraledescordeliers.fr\/index.php?rest_route=\/wp\/v2\/pages"}],"about":[{"href":"https:\/\/www.choraledescordeliers.fr\/index.php?rest_route=\/wp\/v2\/types\/page"}],"author":[{"embeddable":true,"href":"https:\/\/www.choraledescordeliers.fr\/index.php?rest_route=\/wp\/v2\/users\/1"}],"replies":[{"embeddable":true,"href":"https:\/\/www.choraledescordeliers.fr\/index.php?rest_route=%2Fwp%2Fv2%2Fcomments&post=2"}],"version-history":[{"count":12,"href":"https:\/\/www.choraledescordeliers.fr\/index.php?rest_route=\/wp\/v2\/pages\/2\/revisions"}],"predecessor-version":[{"id":152,"href":"https:\/\/www.choraledescordeliers.fr\/index.php?rest_route=\/wp\/v2\/pages\/2\/revisions\/152"}],"up":[{"embeddable":true,"href":"https:\/\/www.choraledescordeliers.fr\/index.php?rest_route=\/wp\/v2\/pages\/61"}],"wp:attachment":[{"href":"https:\/\/www.choraledescordeliers.fr\/index.php?rest_route=%2Fwp%2Fv2%2Fmedia&parent=2"}],"curies":[{"name":"wp","href":"https:\/\/api.w.org\/{rel}","templated":true}]}}