{"id":214,"date":"2012-04-13T10:25:44","date_gmt":"2012-04-13T10:25:44","guid":{"rendered":"http:\/\/www.choraledescordeliers.fr\/?page_id=214"},"modified":"2012-10-21T21:43:23","modified_gmt":"2012-10-21T19:43:23","slug":"espace-choriste","status":"publish","type":"page","link":"https:\/\/www.choraledescordeliers.fr\/?page_id=214","title":{"rendered":"Espace choriste"},"content":{"rendered":"<p>Bienvenue sur l&rsquo;espace choriste, vous trouverez sur cette partie priv\u00e9e :<\/p>\n<ul>\n<li>Aide aux chants<\/li>\n<li>Galerie de Photos<\/li>\n<li>le\u00a0<big><a title=\"Trombinoscope\" href=\"http:\/\/www.choraledescordeliers.fr\/?page_id=217\">trombinoscope<\/a><\/big>\u00a0\u00e0 t\u00e9l\u00e9charger<\/li>\n<li>les\u00a0<big><a title=\"Rendez-vous\" href=\"http:\/\/www.choraledescordeliers.fr\/?page_id=247\">rendez-vous<\/a><\/big>\u00a0et les d\u00e9tails de nos activit\u00e9s \u00e0 venir: rendez-vous, parties \u00e0 travailler&#8230;..<\/li>\n<li>le compte-rendu du dernier\u00a0<big><a title=\"Compte-rendus CA\" href=\"http:\/\/www.choraledescordeliers.fr\/?page_id=229\">Conseil d&rsquo;administration<\/a><\/big>\u00a0et l&rsquo;ensemble des comptes-rendus pr\u00e9c\u00e9dents de l&rsquo;ann\u00e9e en cours<\/li>\n<li>des\u00a0<big><a title=\"Po\u00e8mes et chansons\" href=\"http:\/\/www.choraledescordeliers.fr\/?page_id=231\">po\u00e8mes, des chansons<\/a><\/big>\u00a0de circonstance qui \u00e9maillent nos f\u00eates ou nos sorties.<\/li>\n<li>les\u00a0<big><a title=\"Voeux\" href=\"http:\/\/www.choraledescordeliers.fr\/?page_id=233\">v\u0153ux<\/a><\/big>\u00a0du nouvel an. On les a collectionn\u00e9s. Autant que \u00e7a soit l\u00e0 plut\u00f4t qu&rsquo;au fond d&rsquo;un tiroir&#8230;<\/li>\n<li>Des\u00a0<big><a title=\"Liens\" href=\"http:\/\/www.choraledescordeliers.fr\/?page_id=235\">liens vers des sites<\/a><\/big>\u00a0qui permettent de chanter nos ch\u0153urs.<\/li>\n<\/ul>\n","protected":false},"excerpt":{"rendered":"<p>Bienvenue sur l&rsquo;espace choriste, vous trouverez sur cette partie priv\u00e9e : Aide aux chants Galerie de Photos le\u00a0trombinoscope\u00a0\u00e0 t\u00e9l\u00e9charger les\u00a0rendez-vous\u00a0et les d\u00e9tails de nos activit\u00e9s \u00e0 venir: rendez-vous, parties \u00e0 travailler&#8230;.. le compte-rendu du dernier\u00a0Conseil d&rsquo;administration\u00a0et l&rsquo;ensemble des comptes-rendus pr\u00e9c\u00e9dents &hellip; <a href=\"https:\/\/www.choraledescordeliers.fr\/?page_id=214\">Lire la suite <span class=\"meta-nav\">&rarr;<\/span><\/a><\/p>\n","protected":false},"author":1,"featured_media":0,"parent":0,"menu_order":0,"comment_status":"closed","ping_status":"closed","template":"showcase.php","meta":[],"_links":{"self":[{"href":"https:\/\/www.choraledescordeliers.fr\/index.php?rest_route=\/wp\/v2\/pages\/214"}],"collection":[{"href":"https:\/\/www.choraledescordeliers.fr\/index.php?rest_route=\/wp\/v2\/pages"}],"about":[{"href":"https:\/\/www.choraledescordeliers.fr\/index.php?rest_route=\/wp\/v2\/types\/page"}],"author":[{"embeddable":true,"href":"https:\/\/www.choraledescordeliers.fr\/index.php?rest_route=\/wp\/v2\/users\/1"}],"replies":[{"embeddable":true,"href":"https:\/\/www.choraledescordeliers.fr\/index.php?rest_route=%2Fwp%2Fv2%2Fcomments&post=214"}],"version-history":[{"count":8,"href":"https:\/\/www.choraledescordeliers.fr\/index.php?rest_route=\/wp\/v2\/pages\/214\/revisions"}],"predecessor-version":[{"id":884,"href":"https:\/\/www.choraledescordeliers.fr\/index.php?rest_route=\/wp\/v2\/pages\/214\/revisions\/884"}],"wp:attachment":[{"href":"https:\/\/www.choraledescordeliers.fr\/index.php?rest_route=%2Fwp%2Fv2%2Fmedia&parent=214"}],"curies":[{"name":"wp","href":"https:\/\/api.w.org\/{rel}","templated":true}]}}