{"id":217,"date":"2012-04-13T10:26:52","date_gmt":"2012-04-13T10:26:52","guid":{"rendered":"http:\/\/www.choraledescordeliers.fr\/?page_id=217"},"modified":"2024-10-25T17:51:21","modified_gmt":"2024-10-25T15:51:21","slug":"trombinoscope","status":"publish","type":"page","link":"https:\/\/www.choraledescordeliers.fr\/?page_id=217","title":{"rendered":"Trombinoscope et vid\u00e9os chorale &#8230;"},"content":{"rendered":"<p><span style=\"text-decoration: underline;color: #0000ff\"><strong>===============\u00a0\u00a0 2024\u00a0 ======================<\/strong><\/span><\/p>\n<p>LISTE DES CHORISTES &#8211; octobre 2024 &#8211;<\/p>\n<p><span class=\"aZo aZp\"><a class=\"aQy aZr e\" role=\"link\" href=\"https:\/\/mail.google.com\/mail\/u\/0?ui=2&amp;ik=cfc182a35d&amp;attid=0.1&amp;permmsgid=msg-f:1813268222150326164&amp;th=192a05d747c63794&amp;view=att&amp;disp=safe&amp;realattid=f_m2ex3yq50\" target=\"_blank\" rel=\"noopener\" data-tooltip-align=\"t,c\" data-tooltip-class=\"a1V\"><span id=\":9w\" class=\"a3I\">Pr\u00e9visualiser la pi\u00e8ce jointe Liste Choristes alphab. et par pupitres octobre 24.ods<\/span><\/a><\/span><\/p>\n<div aria-hidden=\"true\">\n<div class=\"aSG\">\n<div id=\":9v\" class=\"aYv\"><img decoding=\"async\" class=\"aYw aZx\" src=\"https:\/\/ssl.gstatic.com\/ui\/v1\/icons\/mail\/images\/cleardot.gif\" \/><\/div>\n<div id=\":a1\" class=\"aYy\">\n<div class=\"aYA\"><img decoding=\"async\" id=\":9z\" class=\"aSM\" title=\"OpenOffice Calc\" src=\"https:\/\/ssl.gstatic.com\/docs\/doclist\/images\/mediatype\/icon_1_excel_x16.png\" \/><\/div>\n<div class=\"aYz\">\n<div class=\"a12\">\n<div class=\"aQA\"><span id=\":9y\" class=\"aV3\">Liste Choristes alphab. et par pupitres octobre 24.ods<\/span><\/div>\n<div class=\"aYp\"><span id=\":a0\" class=\"SaH2Ve\">23 KB<\/span><\/div>\n<\/div>\n<\/div>\n<\/div>\n<\/div>\n<div class=\"aSI\">\n<div id=\":9u\" class=\"aSJ\">&#8212;&#8212;&#8212;&#8212;&#8212;&#8212;&#8212;&#8212;&#8212;&#8212;&#8212;&#8212;&#8212;&#8212;&#8212;&#8212;&#8212;&#8212;&#8212;&#8212;&#8212;&#8212;&#8212;&#8212;&#8212;&#8212;&#8212;&#8212;&#8212;&#8212;&#8212;&#8212;&#8212;&#8212;-<\/div>\n<\/div>\n<\/div>\n<p>ASSEMBLEE GENERALE\u00a0 &#8211; <span style=\"font-size: large\">CL 144 et le CA.<\/span><\/p>\n<p>https:\/\/mail.google.com\/mail\/u\/0?ui=2&#038;ik=cfc182a35d&#038;attid=0.1&#038;permmsgid=msg-f:1810531480727326182&#038;th=19204cca036a0de6&#038;view=att&#038;disp=safe&#038;realattid=f_m17r0p6t0<\/p>\n<p>https:\/\/mail.google.com\/mail\/u\/0?ui=2&#038;ik=cfc182a35d&#038;attid=0.2&#038;permmsgid=msg-f:1810531480727326182&#038;th=19204cca036a0de6&#038;view=att&#038;disp=safe&#038;realattid=f_m17r6nyn1<\/p>\n<p><span style=\"text-decoration: underline\"><strong>Journ\u00e9e du Patrimoine &#8211; La Cath\u00e9drale &#8211; septembre 2024 :<\/strong><\/span><\/p>\n<p><a href=\"https:\/\/photos.app.goo.gl\/q4bCxHrsWQTJK1A28\">https:\/\/photos.app.goo.gl\/q4bCxHrsWQTJK1A28<\/a><\/p>\n<p><span style=\"text-decoration: underline\"><strong>ANCOLI LOURDES\u00a0 2023 :<\/strong><\/span><\/p>\n<p><span style=\"text-decoration: underline;color: #0000ff\"><strong><a href=\"https:\/\/youtu.be\/O2AUy9kwmD4\">https:\/\/youtu.be\/O2AUy9kwmD4<\/a><\/strong><\/span><\/p>\n<p><span style=\"text-decoration: underline\"><strong>VIDEO \u00a0\u00bb SOIREE FESTIVE PATAGONIA 2024<\/strong><\/span><\/p>\n<p><a href=\"https:\/\/youtu.be\/AsT7BSTlNJQ\">https:\/\/youtu.be\/AsT7BSTlNJQ<\/a><\/p>\n<p><strong><span style=\"text-decoration: underline\">DERNI\u00c8RE MISE A JOUR DES CHORISTES :<\/span><\/strong><\/p>\n<p><a href=\"http:\/\/www.choraledescordeliers.fr\/wp-content\/uploads\/2012\/04\/Liste-Cordeliers-2021-20222.xls\">Liste Cordeliers 2021-2022<\/a><\/p>\n<p><span style=\"text-decoration: underline\"><strong>T\u00e9l\u00e9chargez le trombinoscope 2022 \/ 2023 :<\/strong><\/span><\/p>\n<p><a href=\"http:\/\/www.choraledescordeliers.fr\/wp-content\/uploads\/2012\/04\/Trombi-p.1-octobre-2023-corrig\u00e9.pdf\">Trombi p.1 octobre 2023 corrig\u00e9<\/a><\/p>\n<p><a href=\"http:\/\/www.choraledescordeliers.fr\/wp-content\/uploads\/2012\/04\/Trombi-p2-octobre-2023.xlsx\">Trombi p2 octobre 2023<\/a><\/p>\n<p><strong>===================================================<\/strong><\/p>\n<p><strong>70 ans de notre Chef :\u00a0 Diaporama<br \/>\n<\/strong><\/p>\n<p><a href=\"http:\/\/https:\/\/photos.app.goo.gl\/6qQPxqf4pcfK4JiE6\">http:\/\/https:\/\/photos.app.goo.gl\/6qQPxqf4pcfK4JiE6<\/a><\/p>\n<p>(aller en haut \u00e0 droite sur les 3 points puis cliquer sur diaporama.<\/p>\n<p><a href=\"http:\/\/www.choraledescordeliers.fr\/wp-content\/uploads\/2012\/04\/montage-70-ans-Michel-chorale.jpg\"><img decoding=\"async\" loading=\"lazy\" class=\"aligncenter size-large wp-image-3035\" src=\"http:\/\/www.choraledescordeliers.fr\/wp-content\/uploads\/2012\/04\/montage-70-ans-Michel-chorale-1024x724.jpg\" alt=\"montage-70-ans-Michel-chorale\" width=\"584\" height=\"413\" srcset=\"https:\/\/www.choraledescordeliers.fr\/wp-content\/uploads\/2012\/04\/montage-70-ans-Michel-chorale-1024x724.jpg 1024w, https:\/\/www.choraledescordeliers.fr\/wp-content\/uploads\/2012\/04\/montage-70-ans-Michel-chorale-300x212.jpg 300w, https:\/\/www.choraledescordeliers.fr\/wp-content\/uploads\/2012\/04\/montage-70-ans-Michel-chorale-424x300.jpg 424w\" sizes=\"(max-width: 584px) 100vw, 584px\" \/><\/a><em><strong>ANCOLI 2023 &#8211;\u00a0 40 choristes des Cordeliers parmi\u00a0 4000 choristes de France :<\/strong><\/em><\/p>\n<p><a href=\"http:\/\/https:\/\/youtu.be\/O2AUy9kwmD4?si=xHV1esCGp1-yZjPE\">http:\/\/https:\/\/youtu.be\/O2AUy9kwmD4?si=xHV1esCGp1-yZjPE<\/a><\/p>\n<p><span style=\"text-decoration: underline\"><strong>======================\u00a0 Vid\u00e9os concerts et autres \u00a0 =================<\/strong><\/span><\/p>\n<p><strong>Pour les Anciens :\u00a0\u00a0 Souvenirs, souvenirs&#8230;\u00a0 Mardi de l&rsquo;Orgue\u00a0 2004\u00a0 &#8211;<\/strong><\/p>\n<p><iframe loading=\"lazy\" title=\"Mardi de l&#039;orgue 2004\" width=\"584\" height=\"329\" src=\"https:\/\/www.youtube.com\/embed\/87SGV214Sxk?feature=oembed\" frameborder=\"0\" allow=\"accelerometer; autoplay; clipboard-write; encrypted-media; gyroscope; picture-in-picture; web-share\" referrerpolicy=\"strict-origin-when-cross-origin\" allowfullscreen><\/iframe><\/p>\n<p><strong><span style=\"text-decoration: underline\"><span style=\"color: #339966;text-decoration: underline\">SOIR\u00c9E FESTIVE &#8211; LA BATIE NEUVE &#8211; 2023 :<\/span><\/span><\/strong><\/p>\n<p><a href=\"http:\/\/https:\/\/photos.app.goo.gl\/Ch4ZCLnT3zF54Qut8\">http:\/\/https:\/\/photos.app.goo.gl\/Ch4ZCLnT3zF54Qut8<\/a><\/p>\n<p><span style=\"text-decoration: underline\"><strong><em><span style=\"color: #339966;text-decoration: underline\">Vid\u00e9os :<\/span><\/em><\/strong><\/span><\/p>\n<p><a href=\"http:\/\/https:\/\/photos.app.goo.gl\/bQz659Df21oB1vch9\">http:\/\/https:\/\/photos.app.goo.gl\/bQz659Df21oB1vch9<\/a><\/p>\n<p><span style=\"color: #ff0000\"><strong><span style=\"text-decoration: underline\">SOIREE FESTIVE<\/span><\/strong><\/span> 2020<\/p>\n<p><span style=\"color: #ff0000\"><em><strong>CONCERTS DE NO\u00cbL 2019 :<\/strong><\/em><\/span><\/p>\n<p><a href=\"http:\/\/https:\/\/photos.app.goo.gl\/kArH2mjvJJ9ZLdrx9\">http:\/\/https:\/\/photos.app.goo.gl\/kArH2mjvJJ9ZLdrx9<\/a><\/p>\n<p style=\"text-align: center\"><span style=\"color: #ff0000\"><em><strong>CONCERTS DE NO\u00cbL 2018 :<\/strong><\/em><\/span><\/p>\n<p style=\"text-align: center\"><a href=\"http:\/\/www.choraledescordeliers.fr\/wp-content\/uploads\/2012\/04\/creches-du-champsaur-3.pdf\">creches du champsaur 3<\/a><a href=\"http:\/\/www.choraledescordeliers.fr\/wp-content\/uploads\/2012\/04\/Creches-du-Champsaur-2.pdf\">\u00a0\u00a0\u00a0\u00a0\u00a0\u00a0 Creches du Champsaur 2\u00a0\u00a0\u00a0 <\/a><a href=\"http:\/\/www.choraledescordeliers.fr\/wp-content\/uploads\/2012\/04\/CReches-1.pdf\">CReches 1<\/a> <a href=\"http:\/\/www.choraledescordeliers.fr\/wp-content\/uploads\/2012\/04\/18-12-16-No\u00ebls-Champsaur.jpg\"><img decoding=\"async\" loading=\"lazy\" class=\"aligncenter size-large wp-image-2712\" src=\"http:\/\/www.choraledescordeliers.fr\/wp-content\/uploads\/2012\/04\/18-12-16-No\u00ebls-Champsaur-1024x724.jpg\" alt=\"18 12 16 No\u00ebls Champsaur\" width=\"584\" height=\"413\" srcset=\"https:\/\/www.choraledescordeliers.fr\/wp-content\/uploads\/2012\/04\/18-12-16-No\u00ebls-Champsaur-1024x724.jpg 1024w, https:\/\/www.choraledescordeliers.fr\/wp-content\/uploads\/2012\/04\/18-12-16-No\u00ebls-Champsaur-300x212.jpg 300w, https:\/\/www.choraledescordeliers.fr\/wp-content\/uploads\/2012\/04\/18-12-16-No\u00ebls-Champsaur-424x300.jpg 424w\" sizes=\"(max-width: 584px) 100vw, 584px\" \/><\/a> <a href=\"http:\/\/www.choraledescordeliers.fr\/wp-content\/uploads\/2012\/04\/CReches-1.pdf\">CReches 1<\/a> <a href=\"http:\/\/www.choraledescordeliers.fr\/wp-content\/uploads\/2012\/04\/Creches-du-Champsaur-2.pdf\">Creches du Champsaur 2<\/a> <a href=\"http:\/\/www.choraledescordeliers.fr\/wp-content\/uploads\/2012\/04\/creches-du-champsaur-3.pdf\">creches du champsaur 3<\/a><\/p>\n<p style=\"text-align: center\">No\u00ebl des cr\u00eaches &#8211; 2019<\/p>\n<p style=\"text-align: center\"><span style=\"text-decoration: underline\"><strong><span style=\"color: #ff0000;text-decoration: underline\">CONCERT 2018 &#8211; DIXIT DOMINUS<br \/>\n<\/span><\/strong><\/span><\/p>\n<p style=\"text-align: center\"><a href=\"http:\/\/www.choraledescordeliers.fr\/wp-content\/uploads\/2012\/03\/Photos-concerts-page-001.jpg\"><img decoding=\"async\" loading=\"lazy\" class=\"aligncenter size-large wp-image-2178\" src=\"http:\/\/www.choraledescordeliers.fr\/wp-content\/uploads\/2012\/03\/Photos-concerts-page-001-724x1024.jpg\" alt=\"Photos concerts-page-001\" width=\"584\" height=\"826\" srcset=\"https:\/\/www.choraledescordeliers.fr\/wp-content\/uploads\/2012\/03\/Photos-concerts-page-001-724x1024.jpg 724w, https:\/\/www.choraledescordeliers.fr\/wp-content\/uploads\/2012\/03\/Photos-concerts-page-001-212x300.jpg 212w, https:\/\/www.choraledescordeliers.fr\/wp-content\/uploads\/2012\/03\/Photos-concerts-page-001.jpg 1240w\" sizes=\"(max-width: 584px) 100vw, 584px\" \/><\/a><\/p>\n<p>S\u00e9lection de photos de Marido du concert \u00ab\u00a0MISATANGO\u00a0\u00bb \u00e0 St. Roch :<\/p>\n<p>Cliquez sur \u00ab\u00a0+d&rsquo;options\u00a0\u00bb puis sur \u00ab\u00a0diaporama\u00a0\u00bb :<\/p>\n<div><a href=\"https:\/\/photos.app.goo.gl\/3F8hI2xyuIVdAGhO2\" target=\"_blank\" rel=\"noopener\">https:\/\/photos.app.goo.gl\/3F8hI2xyuIVdAGhO2<\/a><\/div>\n<div><\/div>\n<div>Lien \u00ab\u00a0audio\u00a0\u00bb de notre concert (enregistr\u00e9 par Michel Gru\u00e8re) :<\/div>\n<div><\/div>\n<div>\n<!--[if lt IE 9]><script>document.createElement('audio');<\/script><![endif]-->\n<audio class=\"wp-audio-shortcode\" id=\"audio-217-1\" preload=\"none\" style=\"width: 100%;\" controls=\"controls\"><source type=\"audio\/mpeg\" src=\"http:\/\/www.choraledescordeliers.fr\/wp-content\/uploads\/2012\/04\/misa-tango-mp3.mp3?_=1\" \/><a href=\"http:\/\/www.choraledescordeliers.fr\/wp-content\/uploads\/2012\/04\/misa-tango-mp3.mp3\">http:\/\/www.choraledescordeliers.fr\/wp-content\/uploads\/2012\/04\/misa-tango-mp3.mp3<\/a><\/audio>\n<\/div>\n<div><strong>&#8212;&#8212;&#8212;&#8212;&#8212;&#8212;&#8212;&#8212;&#8212;&#8212;&#8212;&#8212;&#8212;&#8212;&#8212;&#8212;&#8212;&#8212;&#8212;&#8212;&#8212;&#8212;&#8212;&#8212;&#8212;&#8212;&#8212;&#8212;&#8212;&#8212;&#8212;&#8212;&#8212;&#8212;&#8212;&#8212;&#8212;&#8212;&#8211;<\/strong><\/div>\n<div><strong>==================================================================<\/strong><\/div>\n<p style=\"padding: 0px\"><strong>LA CHORALE DES CORDELIERS \u00e0 LISBONNE :<\/strong><\/p>\n<p><iframe loading=\"lazy\" title=\"La chorale des Cordeliers a\u0300 Lisbonne\" width=\"584\" height=\"329\" src=\"https:\/\/www.youtube.com\/embed\/Ftj_Gxl70_0?feature=oembed\" frameborder=\"0\" allow=\"accelerometer; autoplay; clipboard-write; encrypted-media; gyroscope; picture-in-picture; web-share\" referrerpolicy=\"strict-origin-when-cross-origin\" allowfullscreen><\/iframe><\/p>\n<table style=\"font-family: arial,verdana,sans-serif;color: #333;font-size: 13px\" border=\"0\" width=\"650\" cellspacing=\"0\" cellpadding=\"0\">\n<tbody>\n<tr>\n<td colspan=\"3\" width=\"580\"><\/td>\n<\/tr>\n<\/tbody>\n<\/table>\n<p><strong><span style=\"text-decoration: underline\">&#8212;&#8212;&#8212;&#8212;&#8212;&#8212;&#8212;&#8212;&#8212;&#8212;&#8212;&#8212;&#8212;&#8212;\u00a0 vid\u00e9os insolites&#8230;\u00a0 &#8212;&#8212;&#8212;&#8212;&#8212;&#8212;&#8212;&#8212;&#8212;&#8212;&#8212;&#8212;&#8212;&#8212;&#8211;<\/span><\/strong><\/p>\n<p><span style=\"text-decoration: underline\"><strong><span style=\"color: #800000;font-size: medium;text-decoration: underline\">Ces deux vid\u00e9os nous rajeunissent de quelques ann\u00e9es !<\/span><\/strong><\/span><\/p>\n<p><strong>Magnificat de Bach par la Chorale des Cordeliers &#8211; <span style=\"text-decoration: underline\">Mai 1994<\/span> &#8211; certains auront du mal \u00e0 se reconna\u00eetre !<\/strong><\/p>\n<p><strong><a href=\"https:\/\/youtu.be\/3wgREzAulx8\" target=\"_blank\" rel=\"noopener\">https:\/\/youtu.be\/3wgREzAulx8<\/a><\/strong><\/p>\n<div><strong>&#8212;&#8212;&#8212;&#8212;&#8212;&#8212;&#8212;&#8212;&#8212;&#8212;&#8212;&#8212;&#8212;&#8212;&#8212;&#8212;&#8212;&#8212;&#8212;&#8212;&#8212;&#8212;&#8212;&#8212;&#8212;&#8212;&#8212;&#8212;&#8212;&#8212;&#8212;&#8212;&#8212;&#8212;&#8211;<\/strong><\/div>\n<div><strong>CHORALE DES CORDELIERS : voyage \u00e0 ASSISE <span style=\"text-decoration: underline\">&#8211; 1988 &#8211;<\/span><br \/>\n<\/strong><\/div>\n<div><strong><a href=\"https:\/\/youtu.be\/eA01oBKVdes\" target=\"_blank\" rel=\"noopener\">https:\/\/youtu.be\/eA01oBKVdes<\/a><\/strong><\/div>\n<div><strong>&#8212;&#8212;&#8212;&#8212;&#8212;&#8212;&#8212;&#8212;&#8212;&#8212;&#8212;&#8212;&#8212;&#8212;&#8212;&#8212;&#8212;&#8212;&#8212;&#8212;&#8212;&#8212;&#8212;&#8212;&#8212;&#8212;&#8212;&#8212;&#8212;&#8212;&#8212;&#8212;&#8212;&#8212;&#8212;&#8212;&#8212;&#8212;<\/strong><\/div>\n<div><strong>Deux diaporamas r\u00e9alis\u00e9s par Madeleine Bellino :<\/strong><\/div>\n<div>\u00a0<a href=\"http:\/\/www.choraledescordeliers.fr\/wp-content\/uploads\/2012\/04\/Diaporama-80-ans-de-Nicole.pps\">diaporama-80-ans-de-nicole<\/a><\/div>\n<div><a href=\"http:\/\/www.choraledescordeliers.fr\/wp-content\/uploads\/2012\/04\/Balade-musicale-Chaillol.pps\">balade-musicale-chaillol<\/a><\/div>\n<div><strong>&#8212;&#8212;&#8212;&#8212;&#8212;&#8212;&#8212;&#8212;&#8212;&#8212;&#8212;&#8212;&#8212;&#8212;&#8212;&#8212;&#8212;&#8212;&#8212;&#8212;&#8212;&#8212;&#8212;&#8212;&#8212;&#8212;&#8212;&#8212;&#8212;&#8212;&#8212;&#8212;&#8212;&#8212;&#8212;&#8212;&#8212;&#8212;<\/strong><\/div>\n<blockquote>\n<div>\n<table id=\"INCREDIMAINTABLE\" border=\"0\" width=\"494\" cellspacing=\"0\" cellpadding=\"2\">\n<tbody>\n<tr>\n<td width=\"100%\">\n<div>\n<div dir=\"ltr\">\n<div>\n<div dir=\"ltr\">\n<div>\n<div dir=\"ltr\">\n<div>\n<div>\n<div>\n<div dir=\"ltr\">\n<div>\n<div>\n<div dir=\"ltr\">\n<div>\n<div dir=\"ltr\">\n<div>\n<div>\n<div>\n<div>\n<div>\n<div>\n<div>\n<div>\n<div>\n<div>\n<div>\n<div dir=\"ltr\">\n<div>\n<div>\n<div>\n<div>\n<div>\n<table border=\"0\" width=\"100%\" cellspacing=\"0\" cellpadding=\"0\">\n<tbody>\n<tr>\n<td width=\"100%\">\n<div>\n<div>\n<table border=\"0\" width=\"100%\" cellspacing=\"0\" cellpadding=\"0\" bgcolor=\"#f7efdc\">\n<tbody>\n<tr>\n<td valign=\"top\">\n<table border=\"0\" width=\"100%\" cellspacing=\"0\" cellpadding=\"0\">\n<tbody>\n<tr>\n<td width=\"100%\">\n<table style=\"height: 5px\" border=\"0\" width=\"343\" cellspacing=\"0\" cellpadding=\"0\">\n<tbody>\n<tr>\n<td width=\"100%\"><\/td>\n<\/tr>\n<tr>\n<td width=\"100%\"><\/td>\n<\/tr>\n<\/tbody>\n<\/table>\n<\/td>\n<\/tr>\n<\/tbody>\n<\/table>\n<\/td>\n<\/tr>\n<\/tbody>\n<\/table>\n<\/div>\n<\/div>\n<\/td>\n<\/tr>\n<\/tbody>\n<\/table>\n<\/div>\n<\/div>\n<\/div>\n<\/div>\n<\/div>\n<\/div>\n<\/div>\n<\/div>\n<\/div>\n<\/div>\n<\/div>\n<\/div>\n<\/div>\n<\/div>\n<\/div>\n<\/div>\n<\/div>\n<\/div>\n<\/div>\n<\/div>\n<\/div>\n<\/div>\n<\/div>\n<\/div>\n<\/div>\n<\/div>\n<\/div>\n<\/div>\n<\/div>\n<\/div>\n<\/div>\n<\/div>\n<\/td>\n<\/tr>\n<\/tbody>\n<\/table>\n<\/div>\n<\/blockquote>\n<p>&#8212;&#8212;&#8212;&#8212;&#8212;&#8212;&#8212;&#8212;&#8212;&#8212;&#8212;&#8212;&#8212;&#8212;&#8212;&#8212;&#8212;&#8212;&#8212;&#8212;&#8212;&#8212;&#8212;&#8212;&#8212;&#8212;&#8212;&#8212;&#8212;&#8212;&#8212;&#8212;&#8212;&#8212;&#8212;&#8212;&#8212;&#8212;-<\/p>\n<p><strong>Quelques \u00ab\u00a0clips\u00a0\u00bb du concert de No\u00ebl enregistr\u00e9s avec t\u00e9l\u00e9phone portable (images et son de qualit\u00e9 m\u00e9diocre.)<\/strong><\/p>\n<p><a href=\"http:\/\/www.choraledescordeliers.fr\/wp-content\/uploads\/2012\/04\/Tollite-Hostias.mov\">Tollite Hostias<\/a> \u00a0\u00a0 \u00a0\u00a0 <a href=\"http:\/\/www.choraledescordeliers.fr\/wp-content\/uploads\/2012\/04\/Angel\u2019s-Carol-.mov\">Angel\u2019s Carol<\/a>\u00a0 \u00a0 \u00a0 \u00a0 <a href=\"http:\/\/www.choraledescordeliers.fr\/wp-content\/uploads\/2012\/04\/And-he-shall-purify.mov\">And he shall purify<\/a>\u00a0 \u00a0\u00a0 \u00a0 <a href=\"http:\/\/www.choraledescordeliers.fr\/wp-content\/uploads\/2012\/04\/For-unto-us-the-Child-is-born.mov\">For unto us the Child is born<\/a>\u00a0\u00a0\u00a0\u00a0\u00a0 \u00a0 <a href=\"http:\/\/www.choraledescordeliers.fr\/wp-content\/uploads\/2012\/04\/Alleluia-Buxtehude.mov\">Alleluia &#8211; Buxtehude<\/a>\u00a0\u00a0\u00a0\u00a0\u00a0\u00a0\u00a0 <a href=\"http:\/\/www.choraledescordeliers.fr\/wp-content\/uploads\/2012\/04\/Candlelight-Carol.mov\">Candlelight Carol<\/a> \u00a0 \u00a0 \u00a0 <a href=\"http:\/\/www.choraledescordeliers.fr\/wp-content\/uploads\/2012\/04\/Maria-durch-ein-Dornwald-ging.mov\">Maria durch ein Dornwald ging<\/a> \u00a0 \u00a0 \u00a0 \u00a0 \u00a0<a href=\"http:\/\/www.choraledescordeliers.fr\/wp-content\/uploads\/2012\/04\/Adieux-des-Bergers-.mov\">Adieux des Bergers<\/a> \u00a0 \u00a0 \u00a0 \u00a0 <a href=\"http:\/\/www.choraledescordeliers.fr\/wp-content\/uploads\/2012\/04\/Veni-Veni-Emmanuel-.mov\">Veni Veni Emmanuel<\/a> \u00a0 \u00a0 \u00a0 \u00a0 <a href=\"http:\/\/www.choraledescordeliers.fr\/wp-content\/uploads\/2012\/04\/MINUIT-CHRETIEN-.mov\">MINUIT CHRETIEN<\/a> \u00a0 \u00a0 \u00a0 \u00a0 \u00a0<a href=\"http:\/\/www.choraledescordeliers.fr\/wp-content\/uploads\/2012\/04\/Les-anges-dans-nos-campagnes.mov\">Les anges dans nos campagnes<\/a> \u00a0 \u00a0 \u00a0 \u00a0<a href=\"http:\/\/www.choraledescordeliers.fr\/wp-content\/uploads\/2012\/04\/Le-Christ-est-n\u00e9-ce-soir.mov\">Le Christ est n\u00e9 ce soir<\/a>\u00a0 \u00a0 \u00a0 \u00a0 \u00a0\u00a0 <a href=\"http:\/\/www.choraledescordeliers.fr\/wp-content\/uploads\/2012\/04\/O-Magnum-Mysterium-.mov\">O Magnum Mysterium<\/a>\u00a0\u00a0\u00a0\u00a0\u00a0\u00a0\u00a0\u00a0\u00a0 <a href=\"http:\/\/www.choraledescordeliers.fr\/wp-content\/uploads\/2012\/04\/Douce-Nuit.mov\">Douce Nuit<\/a><\/p>\n<p>&#8212;&#8212;&#8212;&#8212;&#8212;&#8212;&#8212;&#8212;&#8212;&#8212;&#8212;&#8212;&#8212;&#8212;&#8212;&#8212;&#8212;&#8212;&#8212;&#8212;&#8212;&#8212;&#8212;&#8212;&#8212;&#8212;&#8212;&#8212;&#8212;&#8212;&#8212;&#8212;&#8212;&#8212;&#8212;&#8212;&#8212;&#8212;&#8212;&#8212;<\/p>\n<div>\n<div dir=\"ltr\">\n<div dir=\"ltr\">\n<div>\n<div>\n<table style=\"height: 26px\" border=\"0\" width=\"567\" cellspacing=\"0\" cellpadding=\"0\">\n<tbody>\n<tr>\n<td width=\"100%\"><\/td>\n<\/tr>\n<\/tbody>\n<\/table>\n<\/div>\n<\/div>\n<\/div>\n<\/div>\n<\/div>\n<p><strong>Vieux GAP (\u00e0 voir absolument&#8230;)<\/strong><\/p>\n<p><a href=\"http:\/\/youtu.be\/XCyjYy7M3J0\">http:\/\/youtu.be\/XCyjYy7M3J0<\/a><\/p>\n<p>&#8212;&#8212;&#8212;&#8212;&#8212;&#8212;&#8212;&#8212;&#8212;&#8212;&#8212;&#8212;&#8212;&#8212;&#8212;&#8212;&#8212;&#8212;&#8212;&#8212;&#8212;&#8212;&#8212;&#8212;&#8212;&#8212;&#8212;&#8212;&#8212;&#8212;&#8212;&#8212;&#8212;&#8212;&#8212;&#8212;&#8212;&#8212;&#8212;&#8212;&#8212;-=======================================================================<\/p>\n<p><strong>Un extrait du DVD concert Messie de Haendel \u00e0 la Cath\u00e9drale :<\/strong><\/p>\n<p>(Patienter quelques secondes apr\u00e8s le clic sur le lien&#8230;)<a href=\"http:\/\/www.choraledescordeliers.fr\/wp-content\/uploads\/2012\/04\/6.mp4\">Alleluia de Haendel par la Chorale des Cordeliers &#8211; 9 Juin 2012 &#8211;<\/a><\/p>\n<div id=\"ffenetremailtomailModal\">\n<div id=\"ffenetremailtopopupModalMail\">\n<div id=\"ffenetremailtotoModalClose\"><\/div>\n<div id=\"ffenetremailtopopupQuestion\">What do you want to do ?<\/div>\n<p><a id=\"ffenetremailtoemailOpen\"><\/a>New mail<button id=\"ffenetremailtobuttonEmail\">Copy<\/button><textarea id=\"ffenetremailtotextArea\"><\/textarea><\/p>\n<\/div>\n<\/div>\n<div><img alt=\"\" \/><\/div>\n<div id=\"ffenetremailtomailModal\">\n<div id=\"ffenetremailtopopupModalMail\">\n<div id=\"ffenetremailtotoModalClose\"><\/div>\n<div id=\"ffenetremailtopopupQuestion\">What do you want to do ?<\/div>\n<p><a id=\"ffenetremailtoemailOpen\"><\/a>New mail<button id=\"ffenetremailtobuttonEmail\">Copy<\/button><textarea id=\"ffenetremailtotextArea\"><\/textarea><\/p>\n<\/div>\n<\/div>\n<div><img alt=\"\" \/><\/div>\n<div id=\"ffenetremailtomailModal\">\n<div id=\"ffenetremailtopopupModalMail\">\n<div id=\"ffenetremailtotoModalClose\"><\/div>\n<div id=\"ffenetremailtopopupQuestion\">What do you want to do ?<\/div>\n<p><a id=\"ffenetremailtoemailOpen\"><\/a>New mail<button id=\"ffenetremailtobuttonEmail\">Copy<\/button><textarea id=\"ffenetremailtotextArea\"><\/textarea><\/p>\n<\/div>\n<\/div>\n<div><img alt=\"\" \/><\/div>\n","protected":false},"excerpt":{"rendered":"<p>===============\u00a0\u00a0 2024\u00a0 ====================== LISTE DES CHORISTES &#8211; octobre 2024 &#8211; Pr\u00e9visualiser la pi\u00e8ce jointe Liste Choristes alphab. et par pupitres octobre 24.ods Liste Choristes alphab. et par pupitres octobre 24.ods 23 KB &#8212;&#8212;&#8212;&#8212;&#8212;&#8212;&#8212;&#8212;&#8212;&#8212;&#8212;&#8212;&#8212;&#8212;&#8212;&#8212;&#8212;&#8212;&#8212;&#8212;&#8212;&#8212;&#8212;&#8212;&#8212;&#8212;&#8212;&#8212;&#8212;&#8212;&#8212;&#8212;&#8212;&#8212;- ASSEMBLEE GENERALE\u00a0 &#8211; CL 144 et le &hellip; <a href=\"https:\/\/www.choraledescordeliers.fr\/?page_id=217\">Lire la suite <span class=\"meta-nav\">&rarr;<\/span><\/a><\/p>\n","protected":false},"author":1,"featured_media":0,"parent":214,"menu_order":0,"comment_status":"closed","ping_status":"closed","template":"showcase.php","meta":[],"_links":{"self":[{"href":"https:\/\/www.choraledescordeliers.fr\/index.php?rest_route=\/wp\/v2\/pages\/217"}],"collection":[{"href":"https:\/\/www.choraledescordeliers.fr\/index.php?rest_route=\/wp\/v2\/pages"}],"about":[{"href":"https:\/\/www.choraledescordeliers.fr\/index.php?rest_route=\/wp\/v2\/types\/page"}],"author":[{"embeddable":true,"href":"https:\/\/www.choraledescordeliers.fr\/index.php?rest_route=\/wp\/v2\/users\/1"}],"replies":[{"embeddable":true,"href":"https:\/\/www.choraledescordeliers.fr\/index.php?rest_route=%2Fwp%2Fv2%2Fcomments&post=217"}],"version-history":[{"count":154,"href":"https:\/\/www.choraledescordeliers.fr\/index.php?rest_route=\/wp\/v2\/pages\/217\/revisions"}],"predecessor-version":[{"id":3205,"href":"https:\/\/www.choraledescordeliers.fr\/index.php?rest_route=\/wp\/v2\/pages\/217\/revisions\/3205"}],"up":[{"embeddable":true,"href":"https:\/\/www.choraledescordeliers.fr\/index.php?rest_route=\/wp\/v2\/pages\/214"}],"wp:attachment":[{"href":"https:\/\/www.choraledescordeliers.fr\/index.php?rest_route=%2Fwp%2Fv2%2Fmedia&parent=217"}],"curies":[{"name":"wp","href":"https:\/\/api.w.org\/{rel}","templated":true}]}}